{"id":7602,"date":"2026-03-03T20:16:41","date_gmt":"2026-03-03T20:16:41","guid":{"rendered":"https:\/\/skillhill.000.fi\/?page_id=7602"},"modified":"2026-03-03T20:58:21","modified_gmt":"2026-03-03T20:58:21","slug":"outcome-metrics-loihde-projektipaallikot","status":"publish","type":"page","link":"https:\/\/skillhill.000.fi\/en\/home-page\/impact\/outcome-metrics-loihde-projektipaallikot\/","title":{"rendered":"Outcome Metrics, loihde projektip\u00e4\u00e4llik\u00f6t"},"content":{"rendered":"","protected":false},"excerpt":{"rendered":"","protected":false},"author":12,"featured_media":0,"parent":7539,"menu_order":0,"comment_status":"closed","ping_status":"closed","template":"","meta":{"footnotes":""},"class_list":["post-7602","page","type-page","status-publish","hentry"],"_links":{"self":[{"href":"https:\/\/skillhill.000.fi\/en\/wp-json\/wp\/v2\/pages\/7602","targetHints":{"allow":["GET"]}}],"collection":[{"href":"https:\/\/skillhill.000.fi\/en\/wp-json\/wp\/v2\/pages"}],"about":[{"href":"https:\/\/skillhill.000.fi\/en\/wp-json\/wp\/v2\/types\/page"}],"author":[{"embeddable":true,"href":"https:\/\/skillhill.000.fi\/en\/wp-json\/wp\/v2\/users\/12"}],"replies":[{"embeddable":true,"href":"https:\/\/skillhill.000.fi\/en\/wp-json\/wp\/v2\/comments?post=7602"}],"version-history":[{"count":1,"href":"https:\/\/skillhill.000.fi\/en\/wp-json\/wp\/v2\/pages\/7602\/revisions"}],"predecessor-version":[{"id":7603,"href":"https:\/\/skillhill.000.fi\/en\/wp-json\/wp\/v2\/pages\/7602\/revisions\/7603"}],"up":[{"embeddable":true,"href":"https:\/\/skillhill.000.fi\/en\/wp-json\/wp\/v2\/pages\/7539"}],"wp:attachment":[{"href":"https:\/\/skillhill.000.fi\/en\/wp-json\/wp\/v2\/media?parent=7602"}],"curies":[{"name":"wp","href":"https:\/\/api.w.org\/{rel}","templated":true}]}}